{"id":46120,"date":"2020-10-16T09:45:56","date_gmt":"2020-10-16T07:45:56","guid":{"rendered":"http:\/\/phytogenese.com\/contact\/"},"modified":"2020-12-02T16:05:57","modified_gmt":"2020-12-02T15:05:57","slug":"contact-us","status":"publish","type":"page","link":"http:\/\/phytogenese.com\/en\/contact-us\/","title":{"rendered":"Contact us"},"content":{"rendered":"<p>[vc_row][vc_column]<div class=\"ult-spacer spacer-69e79a7139f40\" data-id=\"69e79a7139f40\" data-height=\"30\" data-height-mobile=\"30\" data-height-tab=\"30\" data-height-tab-portrait=\"\" data-height-mobile-landscape=\"\" style=\"clear:both;display:block;\"><\/div>[\/vc_column][\/vc_row][vc_row][vc_column width=&#8221;1\/2&#8243;][vc_column_text]<\/p>\n<h3>This could be the start of a beautiful story&#8230;<\/h3>\n<p>[\/vc_column_text]<div role=\"form\" class=\"wpcf7\" id=\"wpcf7-f46218-o1\" lang=\"fr-FR\" dir=\"ltr\">\n<div class=\"screen-reader-response\"><p role=\"status\" aria-live=\"polite\" aria-atomic=\"true\"><\/p> <ul><\/ul><\/div>\n<form action=\"\/en\/wp-json\/wp\/v2\/pages\/46120#wpcf7-f46218-o1\" method=\"post\" class=\"wpcf7-form init\" novalidate=\"novalidate\" data-status=\"init\">\n<div style=\"display: none;\">\n<input type=\"hidden\" name=\"_wpcf7\" value=\"46218\" \/>\n<input type=\"hidden\" name=\"_wpcf7_version\" value=\"5.3\" \/>\n<input type=\"hidden\" name=\"_wpcf7_locale\" value=\"fr_FR\" \/>\n<input type=\"hidden\" name=\"_wpcf7_unit_tag\" value=\"wpcf7-f46218-o1\" \/>\n<input type=\"hidden\" name=\"_wpcf7_container_post\" value=\"0\" \/>\n<input type=\"hidden\" name=\"_wpcf7_posted_data_hash\" value=\"\" \/>\n<\/div>\n<p><label> Last name*<br \/>\n    <span class=\"wpcf7-form-control-wrap your-name\"><input type=\"text\" name=\"your-name\" value=\"\" size=\"40\" class=\"wpcf7-form-control wpcf7-text wpcf7-validates-as-required\" aria-required=\"true\" aria-invalid=\"false\" \/><\/span> <\/label><\/p>\n<p><label> First name*<br \/>\n    <span class=\"wpcf7-form-control-wrap your-firstname\"><input type=\"text\" name=\"your-firstname\" value=\"\" size=\"40\" class=\"wpcf7-form-control wpcf7-text wpcf7-validates-as-required\" aria-required=\"true\" aria-invalid=\"false\" \/><\/span> <\/label><\/p>\n<p><label> Company<br \/>\n    <span class=\"wpcf7-form-control-wrap your-society\"><input type=\"text\" name=\"your-society\" value=\"\" size=\"40\" class=\"wpcf7-form-control wpcf7-text\" aria-invalid=\"false\" \/><\/span> <\/label><\/p>\n<p><label> Phone*<br \/>\n    <span class=\"wpcf7-form-control-wrap your-phone\"><input type=\"text\" name=\"your-phone\" value=\"\" size=\"40\" class=\"wpcf7-form-control wpcf7-text wpcf7-validates-as-required\" aria-required=\"true\" aria-invalid=\"false\" \/><\/span> <\/label><\/p>\n<p><label> Email*<br \/>\n    <span class=\"wpcf7-form-control-wrap your-email\"><input type=\"email\" name=\"your-email\" value=\"\" size=\"40\" class=\"wpcf7-form-control wpcf7-text wpcf7-email wpcf7-validates-as-required wpcf7-validates-as-email\" aria-required=\"true\" aria-invalid=\"false\" \/><\/span> <\/label><\/p>\n<p><label> Subject<br \/>\n    <span class=\"wpcf7-form-control-wrap your-subject\"><input type=\"text\" name=\"your-subject\" value=\"\" size=\"40\" class=\"wpcf7-form-control wpcf7-text\" aria-invalid=\"false\" \/><\/span> <\/label><\/p>\n<p><label> Your message<br \/>\n    <span class=\"wpcf7-form-control-wrap your-message\"><textarea name=\"your-message\" cols=\"40\" rows=\"10\" class=\"wpcf7-form-control wpcf7-textarea\" aria-invalid=\"false\"><\/textarea><\/span> <\/label><\/p>\n<p><input type=\"submit\" value=\"Send\" class=\"wpcf7-form-control wpcf7-submit\" \/><\/p>\n<div class=\"wpcf7-response-output\" aria-hidden=\"true\"><\/div><\/form><\/div>[\/vc_column][vc_column width=&#8221;1\/2&#8243;][vc_gmaps link=&#8221;#E-8_JTNDaWZyYW1lJTIwc3JjJTNEJTIyaHR0cHMlM0ElMkYlMkZ3d3cuZ29vZ2xlLmNvbSUyRm1hcHMlMkZlbWJlZCUzRnBiJTNEJTIxMW0xOCUyMTFtMTIlMjExbTMlMjExZDI4OTEuODQ2NjI3ODYwMTUyJTIxMmQzLjgzMzExNTkxNTYyNDI2NSUyMTNkNDMuNTQ3MjM4ODc5MTI0OTglMjEybTMlMjExZjAlMjEyZjAlMjEzZjAlMjEzbTIlMjExaTEwMjQlMjEyaTc2OCUyMTRmMTMuMSUyMTNtMyUyMTFtMiUyMTFzMHgxMmI2YjE5MWQ0MDg4YjY5JTI1M0EweGI3YmE1YjA0Y2E0NmNlYzglMjEyczM1MSUyNTIwQXZlbnVlJTI1MjBHdXN0YXZlJTI1MjBDb3VyYmV0JTI1MkMlMjUyMDM0NzUwJTI1MjBWaWxsZW5ldXZlLWwlMjVDMyUyNUE4cy1NYWd1ZWxvbmUlMjE1ZTAlMjEzbTIlMjExc2ZyJTIxMnNmciUyMTR2MTYwMzExMDk3MjgwNCUyMTVtMiUyMTFzZnIlMjEyc2ZyJTIyJTIwd2lkdGglM0QlMjI2MDAlMjIlMjBoZWlnaHQlM0QlMjI0NTAlMjIlMjBmcmFtZWJvcmRlciUzRCUyMjAlMjIlMjBzdHlsZSUzRCUyMmJvcmRlciUzQTAlM0IlMjIlMjBhbGxvd2Z1bGxzY3JlZW4lM0QlMjIlMjIlMjBhcmlhLWhpZGRlbiUzRCUyMmZhbHNlJTIyJTIwdGFiaW5kZXglM0QlMjIwJTIyJTNFJTNDJTJGaWZyYW1lJTNF&#8221; title=&#8221;Address&#8221;][vc_column_text]351, rue Gustave Courbet<\/p>\n<p>34750 Villeneuve-l\u00e8s-Maguelone<\/p>\n<p>France[\/vc_column_text][vc_column_text]<span style=\"color: #3e403b;\">Phone:<\/span><\/p>\n<p><span style=\"color: #3e403b;\">+33(0)4 67 64 72 62<\/span>[\/vc_column_text][vc_column_text]Business hours:<\/p>\n<p>Monday \u2013 Friday 9am-6pm[\/vc_column_text][\/vc_column][\/vc_row]<\/p>\n","protected":false},"excerpt":{"rendered":"<p>[vc_row][vc_column][\/vc_column][\/vc_row][vc_row][vc_column width=&#8221;1\/2&#8243;][vc_column_text] This could be the start of a beautiful story&#8230; [\/vc_column_text][\/vc_column][vc_column width=&#8221;1\/2&#8243;][vc_gmaps link=&#8221;#E-8_JTNDaWZyYW1lJTIwc3JjJTNEJTIyaHR0cHMlM0ElMkYlMkZ3d3cuZ29vZ2xlLmNvbSUyRm1hcHMlMkZlbWJlZCUzRnBiJTNEJTIxMW0xOCUyMTFtMTIlMjExbTMlMjExZDI4OTEuODQ2NjI3ODYwMTUyJTIxMmQzLjgzMzExNTkxNTYyNDI2NSUyMTNkNDMuNTQ3MjM4ODc5MTI0OTglMjEybTMlMjExZjAlMjEyZjAlMjEzZjAlMjEzbTIlMjExaTEwMjQlMjEyaTc2OCUyMTRmMTMuMSUyMTNtMyUyMTFtMiUyMTFzMHgxMmI2YjE5MWQ0MDg4YjY5JTI1M0EweGI3YmE1YjA0Y2E0NmNlYzglMjEyczM1MSUyNTIwQXZlbnVlJTI1MjBHdXN0YXZlJTI1MjBDb3VyYmV0JTI1MkMlMjUyMDM0NzUwJTI1MjBWaWxsZW5ldXZlLWwlMjVDMyUyNUE4cy1NYWd1ZWxvbmUlMjE1ZTAlMjEzbTIlMjExc2ZyJTIxMnNmciUyMTR2MTYwMzExMDk3MjgwNCUyMTVtMiUyMTFzZnIlMjEyc2ZyJTIyJTIwd2lkdGglM0QlMjI2MDAlMjIlMjBoZWlnaHQlM0QlMjI0NTAlMjIlMjBmcmFtZWJvcmRlciUzRCUyMjAlMjIlMjBzdHlsZSUzRCUyMmJvcmRlciUzQTAlM0IlMjIlMjBhbGxvd2Z1bGxzY3JlZW4lM0QlMjIlMjIlMjBhcmlhLWhpZGRlbiUzRCUyMmZhbHNlJTIyJTIwdGFiaW5kZXglM0QlMjIwJTIyJTNFJTNDJTJGaWZyYW1lJTNF&#8221; title=&#8221;Address&#8221;][vc_column_text]351, rue Gustave Courbet 34750 Villeneuve-l\u00e8s-Maguelone France[\/vc_column_text][vc_column_text]Phone: +33(0)4 67 64 72 62[\/vc_column_text][vc_column_text]Business hours: Monday \u2013 Friday 9am-6pm[\/vc_column_text][\/vc_column][\/vc_row]<\/p>\n","protected":false},"author":1,"featured_media":0,"parent":0,"menu_order":9,"comment_status":"closed","ping_status":"closed","template":"","meta":[],"yoast_head":"<!-- This site is optimized with the Yoast SEO plugin v15.2 - https:\/\/yoast.com\/wordpress\/plugins\/seo\/ -->\n<title>Contact us - Laboratoires Phytog\u00e9n\u00e8se<\/title>\n<meta name=\"description\" content=\"Contactez les Laboratoires Phytog\u00e9n\u00e8se bas\u00e9s \u00e0 Villeuneuve-l\u00e8s-Maguelone pour plus d&#039;information sur leurs cosm\u00e9tiques.\" \/>\n<meta name=\"robots\" content=\"index, follow, max-snippet:-1, max-image-preview:large, max-video-preview:-1\" \/>\n<link rel=\"canonical\" href=\"https:\/\/phytogenese.com\/en\/contact-us\/\" \/>\n<meta property=\"og:locale\" content=\"en_US\" \/>\n<meta property=\"og:type\" content=\"article\" \/>\n<meta property=\"og:title\" content=\"Contact us - Laboratoires Phytog\u00e9n\u00e8se\" \/>\n<meta property=\"og:description\" content=\"Contactez les Laboratoires Phytog\u00e9n\u00e8se bas\u00e9s \u00e0 Villeuneuve-l\u00e8s-Maguelone pour plus d&#039;information sur leurs cosm\u00e9tiques.\" \/>\n<meta property=\"og:url\" content=\"https:\/\/phytogenese.com\/en\/contact-us\/\" \/>\n<meta property=\"og:site_name\" content=\"Laboratoires Phytog\u00e9n\u00e8se\" \/>\n<meta property=\"article:modified_time\" content=\"2020-12-02T15:05:57+00:00\" \/>\n<meta name=\"twitter:card\" content=\"summary_large_image\" \/>\n<meta name=\"twitter:label1\" value=\"Written by\">\n\t<meta name=\"twitter:data1\" value=\"admin1519\">\n\t<meta name=\"twitter:label2\" value=\"Est. reading time\">\n\t<meta name=\"twitter:data2\" value=\"1 minute\">\n<script type=\"application\/ld+json\" class=\"yoast-schema-graph\">{\"@context\":\"https:\/\/schema.org\",\"@graph\":[{\"@type\":\"WebSite\",\"@id\":\"http:\/\/phytogenese.com\/#website\",\"url\":\"http:\/\/phytogenese.com\/\",\"name\":\"Laboratoires Phytog\\u00e9n\\u00e8se\",\"description\":\"\",\"potentialAction\":[{\"@type\":\"SearchAction\",\"target\":\"http:\/\/phytogenese.com\/?s={search_term_string}\",\"query-input\":\"required name=search_term_string\"}],\"inLanguage\":\"en-US\"},{\"@type\":\"WebPage\",\"@id\":\"https:\/\/phytogenese.com\/en\/contact-us\/#webpage\",\"url\":\"https:\/\/phytogenese.com\/en\/contact-us\/\",\"name\":\"Contact us - Laboratoires Phytog\\u00e9n\\u00e8se\",\"isPartOf\":{\"@id\":\"http:\/\/phytogenese.com\/#website\"},\"datePublished\":\"2020-10-16T07:45:56+00:00\",\"dateModified\":\"2020-12-02T15:05:57+00:00\",\"description\":\"Contactez les Laboratoires Phytog\\u00e9n\\u00e8se bas\\u00e9s \\u00e0 Villeuneuve-l\\u00e8s-Maguelone pour plus d'information sur leurs cosm\\u00e9tiques.\",\"inLanguage\":\"en-US\",\"potentialAction\":[{\"@type\":\"ReadAction\",\"target\":[\"https:\/\/phytogenese.com\/en\/contact-us\/\"]}]}]}<\/script>\n<!-- \/ Yoast SEO plugin. -->","_links":{"self":[{"href":"http:\/\/phytogenese.com\/en\/wp-json\/wp\/v2\/pages\/46120"}],"collection":[{"href":"http:\/\/phytogenese.com\/en\/wp-json\/wp\/v2\/pages"}],"about":[{"href":"http:\/\/phytogenese.com\/en\/wp-json\/wp\/v2\/types\/page"}],"author":[{"embeddable":true,"href":"http:\/\/phytogenese.com\/en\/wp-json\/wp\/v2\/users\/1"}],"replies":[{"embeddable":true,"href":"http:\/\/phytogenese.com\/en\/wp-json\/wp\/v2\/comments?post=46120"}],"version-history":[{"count":6,"href":"http:\/\/phytogenese.com\/en\/wp-json\/wp\/v2\/pages\/46120\/revisions"}],"predecessor-version":[{"id":46216,"href":"http:\/\/phytogenese.com\/en\/wp-json\/wp\/v2\/pages\/46120\/revisions\/46216"}],"wp:attachment":[{"href":"http:\/\/phytogenese.com\/en\/wp-json\/wp\/v2\/media?parent=46120"}],"curies":[{"name":"wp","href":"https:\/\/api.w.org\/{rel}","templated":true}]}}