{"id":46134,"date":"2020-11-02T12:47:18","date_gmt":"2020-11-02T11:47:18","guid":{"rendered":"http:\/\/phytogenese.com\/mentions-legales\/"},"modified":"2020-12-01T14:27:16","modified_gmt":"2020-12-01T13:27:16","slug":"legal-information","status":"publish","type":"page","link":"https:\/\/phytogenese.com\/en\/legal-information\/","title":{"rendered":"Legal information"},"content":{"rendered":"<p>[vc_row][vc_column width=&#8221;1\/6&#8243;][\/vc_column][vc_column width=&#8221;2\/3&#8243;][vc_column_text]<\/p>\n<h3 style=\"text-align: center;\"><b> 1. Legal information <\/b><\/h3>\n<p>In compliance with the provisions of Articles 6-III and 19 of the French Law on Confidence in the Digital Economy, we wish to inform you that:<\/p>\n<p>This website is published by:<\/p>\n<p>LIMITED LIABILITY COMPANY LABORATOIRES PHYTOG\u00c9N\u00c8SE, SAS with a share capital of \u20ac31,600, which is registered with the Cannes Trade Register under the SIRET\u00a0No.\u00a041044783300055 and VAT Reg. No. FR00410447833.<\/p>\n<p>The company\u2019s headquarters are located at 84, cours de Verdun 33000 Bordeaux, France.<\/p>\n<p>You may contact LABORATOIRES PHYTOG\u00c9N\u00c8SE at the following phone number: <a href=\"https:\/\/www.google.com\/search?q=laboratoires+phytog%C3%A9n%C3%A8se&amp;oq=laboratoires+phytog%C3%A9n%C3%A8se&amp;aqs=chrome..69i57j0j69i61l3.4115j0j7&amp;sourceid=chrome&amp;ie=UTF-8#\" data-dtype=\"d3ifr\" data-local-attribute=\"d3ph\" data-ved=\"2ahUKEwj87vL8kdfsAhWq4YUKHVYmDqYQkAgoADASegQIIBAR\"><span role=\"link\" aria-label=\"Appeler le +33 (0) 4 67 64 72 62.\"> +33 (0) 4 67 64 72 62.<\/span><\/a><\/p>\n<p>The website\u2019s publishing directors are Mr C\u00e9dric Tournay and Mr Alexandre Jaulin in their capacity as heads of the company LABORATOIRES PHYTOG\u00c9N\u00c8SE. The service provider for permanent storage and hosting of the website is OVH, whose headquarters are located at 2, rue Kellermann 59100 Roubaix, France.<\/p>\n<p>&nbsp;<\/p>\n<h3 style=\"text-align: center;\">2. Data processing and liberties<\/h3>\n<p>The information collected is subject to computer processing in order to constitute contact files for the exclusive use of LABORATOIRES PHYTOG\u00c9N\u00c8SE. In accordance with amended French Law on Information Technology and Civil Liberties of 6 January 1978, you have the right to access, rectify and delete any information about you. To exercise this right, simply send an email to a.jaulin@phytogenese.com.<\/p>\n<p>We also wish to inform all web users that the LABORATOIRES PHYTOG\u00c9N\u00c8SE website may automatically install a cookie on their computer. The purpose of this cookie is to record information relating to browsing on this website such as the duration and path of said browsing, the number of pages consulted, etc. The web user is free to refuse the installation of this cookie by changing their browser settings. The user can exercise all above-mentioned rights with regard to personal data communicated by means of cookies under the conditions indicated above.<\/p>\n<p>Users of the www.phytogenese.com website are required to comply with the provisions of amended Law No. 78-17 of 6 January 1978 on information technology, files and liberties, the violation of which is subject to criminal sanctions. In particular, they must refrain \u2212 with regard to the personal information they access or could access \u2212 from collecting, misusing or committing any act likely to infringe the privacy or reputation of individuals.<\/p>\n<p>&nbsp;<\/p>\n<h3 style=\"text-align: center;\">3. Intellectual Property<\/h3>\n<p>The general structure as well as the software, texts, images \u2212 animated or not \u2212, know-how and any other element making up the www.phytogenese.com website are sole property of the company LABORATOIRES PHYTOG\u00c9N\u00c8SE. Any total or partial reproduction of the website\u2019s structure, graphic design or content is subject to the express prior written authorisation of managers Mr\u00a0C\u00e9dric Tournay and Mr Alexandre Jaulin. Without this authorisation, any reproduction would constitute a counterfeit, punishable under Articles L. 335-2 and following of the French Intellectual Property Code, which defines counterfeiting as an offence and provides for up to three-year imprisonment and a fine of \u20ac300,000.<\/p>\n<p>The same applies to the databases appearing, where applicable, on the actus.publika.fr website, which are protected by the provisions of the Law of 1 July 1998 transposing into the French\u00a0Intellectual Property Code the Directive 96\/9\/EC 11 March 1996 on the legal protection of databases, and of which LABORATOIRES PHYTOG\u00c9N\u00c8SE is the producer. The trademarks of LABORATOIRES PHYTOG\u00c9N\u00c8SE and its partners, as well as the logos appearing on the website are registered trademarks.<\/p>\n<p>Any total or partial reproduction of these trademarks or logos made from elements of the site without the express authorisation of LABORATOIRE PHYTOG\u00c9N\u00c8SE is therefore prohibited within the meaning of the French Intellectual Property Code. LABORATOIRES PHYTOG\u00c9N\u00c8SE cannot be held responsible for access by users via the hypertext links set up within the framework of the website to other resources present on the network. Any dispute in connection with the use of the www.phytogenese.com website is subject to French law. The user acknowledges the exclusive jurisdiction of the competent courts of Bordeaux.<\/p>\n<p>&nbsp;<\/p>\n<h3 style=\"text-align: center;\">4. Limitation of liability<\/h3>\n<p>This website cannot be held responsible for any error encountered in its content, technical issue, misinterpretation of the information published, and the consequences of their use. The user therefore acknowledges they:<\/p>\n<ul>\n<li>have read these Terms of Use and agree to comply with them.<\/li>\n<li>will use this information under their sole responsibility.<\/li>\n<li>acknowledge possessing the necessary skills and means to access and use this website.<\/li>\n<\/ul>\n<p>[\/vc_column_text][\/vc_column][vc_column width=&#8221;1\/6&#8243;][\/vc_column][\/vc_row]<\/p>\n","protected":false},"excerpt":{"rendered":"<p>[vc_row][vc_column width=&#8221;1\/6&#8243;][\/vc_column][vc_column width=&#8221;2\/3&#8243;][vc_column_text] 1. Legal information In compliance with the provisions of Articles 6-III and 19 of the French Law on Confidence in the Digital Economy, we wish to inform you that: This website is published by: LIMITED LIABILITY COMPANY LABORATOIRES PHYTOG\u00c9N\u00c8SE, SAS with a share capital of \u20ac31,600, which is registered with the Cannes&hellip;<\/p>\n","protected":false},"author":1,"featured_media":0,"parent":0,"menu_order":12,"comment_status":"closed","ping_status":"closed","template":"","meta":[],"yoast_head":"<!-- This site is optimized with the Yoast SEO plugin v15.2 - https:\/\/yoast.com\/wordpress\/plugins\/seo\/ -->\n<title>Legal information - Laboratoires Phytog\u00e9n\u00e8se<\/title>\n<meta name=\"description\" content=\"D\u00e9couvrez les mentions l\u00e9gales des Laboratoires Phytog\u00e9n\u00e8se bas\u00e9s \u00e0 Villeuneuve-l\u00e8s-Maguelone et sp\u00e9cialis\u00e9s en cosm\u00e9tiques.\" \/>\n<meta name=\"robots\" content=\"index, follow, max-snippet:-1, max-image-preview:large, max-video-preview:-1\" \/>\n<link rel=\"canonical\" href=\"https:\/\/phytogenese.com\/en\/legal-information\/\" \/>\n<meta property=\"og:locale\" content=\"en_US\" \/>\n<meta property=\"og:type\" content=\"article\" \/>\n<meta property=\"og:title\" content=\"Legal information - Laboratoires Phytog\u00e9n\u00e8se\" \/>\n<meta property=\"og:description\" content=\"D\u00e9couvrez les mentions l\u00e9gales des Laboratoires Phytog\u00e9n\u00e8se bas\u00e9s \u00e0 Villeuneuve-l\u00e8s-Maguelone et sp\u00e9cialis\u00e9s en cosm\u00e9tiques.\" \/>\n<meta property=\"og:url\" content=\"https:\/\/phytogenese.com\/en\/legal-information\/\" \/>\n<meta property=\"og:site_name\" content=\"Laboratoires Phytog\u00e9n\u00e8se\" \/>\n<meta property=\"article:modified_time\" content=\"2020-12-01T13:27:16+00:00\" \/>\n<meta name=\"twitter:card\" content=\"summary_large_image\" \/>\n<meta name=\"twitter:label1\" value=\"Written by\">\n\t<meta name=\"twitter:data1\" value=\"admin1519\">\n\t<meta name=\"twitter:label2\" value=\"Est. reading time\">\n\t<meta name=\"twitter:data2\" value=\"3 minutes\">\n<script type=\"application\/ld+json\" class=\"yoast-schema-graph\">{\"@context\":\"https:\/\/schema.org\",\"@graph\":[{\"@type\":\"WebSite\",\"@id\":\"http:\/\/phytogenese.com\/#website\",\"url\":\"http:\/\/phytogenese.com\/\",\"name\":\"Laboratoires Phytog\\u00e9n\\u00e8se\",\"description\":\"\",\"potentialAction\":[{\"@type\":\"SearchAction\",\"target\":\"http:\/\/phytogenese.com\/?s={search_term_string}\",\"query-input\":\"required name=search_term_string\"}],\"inLanguage\":\"en-US\"},{\"@type\":\"WebPage\",\"@id\":\"https:\/\/phytogenese.com\/en\/legal-information\/#webpage\",\"url\":\"https:\/\/phytogenese.com\/en\/legal-information\/\",\"name\":\"Legal information - Laboratoires Phytog\\u00e9n\\u00e8se\",\"isPartOf\":{\"@id\":\"http:\/\/phytogenese.com\/#website\"},\"datePublished\":\"2020-11-02T11:47:18+00:00\",\"dateModified\":\"2020-12-01T13:27:16+00:00\",\"description\":\"D\\u00e9couvrez les mentions l\\u00e9gales des Laboratoires Phytog\\u00e9n\\u00e8se bas\\u00e9s \\u00e0 Villeuneuve-l\\u00e8s-Maguelone et sp\\u00e9cialis\\u00e9s en cosm\\u00e9tiques.\",\"inLanguage\":\"en-US\",\"potentialAction\":[{\"@type\":\"ReadAction\",\"target\":[\"https:\/\/phytogenese.com\/en\/legal-information\/\"]}]}]}<\/script>\n<!-- \/ Yoast SEO plugin. -->","_links":{"self":[{"href":"https:\/\/phytogenese.com\/en\/wp-json\/wp\/v2\/pages\/46134"}],"collection":[{"href":"https:\/\/phytogenese.com\/en\/wp-json\/wp\/v2\/pages"}],"about":[{"href":"https:\/\/phytogenese.com\/en\/wp-json\/wp\/v2\/types\/page"}],"author":[{"embeddable":true,"href":"https:\/\/phytogenese.com\/en\/wp-json\/wp\/v2\/users\/1"}],"replies":[{"embeddable":true,"href":"https:\/\/phytogenese.com\/en\/wp-json\/wp\/v2\/comments?post=46134"}],"version-history":[{"count":4,"href":"https:\/\/phytogenese.com\/en\/wp-json\/wp\/v2\/pages\/46134\/revisions"}],"predecessor-version":[{"id":46226,"href":"https:\/\/phytogenese.com\/en\/wp-json\/wp\/v2\/pages\/46134\/revisions\/46226"}],"wp:attachment":[{"href":"https:\/\/phytogenese.com\/en\/wp-json\/wp\/v2\/media?parent=46134"}],"curies":[{"name":"wp","href":"https:\/\/api.w.org\/{rel}","templated":true}]}}